{"id":2512,"date":"2014-07-07T13:24:50","date_gmt":"2014-07-07T11:24:50","guid":{"rendered":"http:\/\/www.rkuittinen.fi\/?page_id=2512"},"modified":"2024-09-15T09:43:30","modified_gmt":"2024-09-15T07:43:30","slug":"urheilu","status":"publish","type":"page","link":"https:\/\/www.rkuittinen.fi\/?page_id=2512","title":{"rendered":"Urheilu"},"content":{"rendered":"<p>&nbsp;<\/p>\n<div id='gallery-1' class='gallery galleryid-2512 gallery-columns-3 gallery-size-thumbnail'><figure class='gallery-item'>\n\t\t\t<div class='gallery-icon landscape'>\n\t\t\t\t<a href='https:\/\/www.rkuittinen.fi\/wp-content\/uploads\/2024\/08\/challenge-0001.jpg'><img loading=\"lazy\" decoding=\"async\" width=\"150\" height=\"100\" src=\"https:\/\/www.rkuittinen.fi\/wp-content\/uploads\/2024\/08\/challenge-0001-150x100.jpg\" class=\"attachment-thumbnail size-thumbnail\" alt=\"\" aria-describedby=\"gallery-1-3477\" srcset=\"https:\/\/www.rkuittinen.fi\/wp-content\/uploads\/2024\/08\/challenge-0001-150x100.jpg 150w, https:\/\/www.rkuittinen.fi\/wp-content\/uploads\/2024\/08\/challenge-0001-300x200.jpg 300w, https:\/\/www.rkuittinen.fi\/wp-content\/uploads\/2024\/08\/challenge-0001-1024x683.jpg 1024w, https:\/\/www.rkuittinen.fi\/wp-content\/uploads\/2024\/08\/challenge-0001-768x512.jpg 768w, https:\/\/www.rkuittinen.fi\/wp-content\/uploads\/2024\/08\/challenge-0001-1536x1025.jpg 1536w, https:\/\/www.rkuittinen.fi\/wp-content\/uploads\/2024\/08\/challenge-0001-1200x800.jpg 1200w, https:\/\/www.rkuittinen.fi\/wp-content\/uploads\/2024\/08\/challenge-0001-1980x1321.jpg 1980w, https:\/\/www.rkuittinen.fi\/wp-content\/uploads\/2024\/08\/challenge-0001.jpg 2000w\" sizes=\"auto, (max-width: 150px) 100vw, 150px\" \/><\/a>\n\t\t\t<\/div>\n\t\t\t\t<figcaption class='wp-caption-text gallery-caption' id='gallery-1-3477'>\n\t\t\t\tValtimo Kes\u00e4p\u00e4iv\u00e4 Challenge\n\t\t\t\t<\/figcaption><\/figure><figure class='gallery-item'>\n\t\t\t<div class='gallery-icon landscape'>\n\t\t\t\t<a href='https:\/\/www.rkuittinen.fi\/wp-content\/uploads\/2024\/08\/portfolio24-0001-2.jpg'><img loading=\"lazy\" decoding=\"async\" width=\"150\" height=\"100\" src=\"https:\/\/www.rkuittinen.fi\/wp-content\/uploads\/2024\/08\/portfolio24-0001-2-150x100.jpg\" class=\"attachment-thumbnail size-thumbnail\" alt=\"\" aria-describedby=\"gallery-1-3473\" srcset=\"https:\/\/www.rkuittinen.fi\/wp-content\/uploads\/2024\/08\/portfolio24-0001-2-150x100.jpg 150w, https:\/\/www.rkuittinen.fi\/wp-content\/uploads\/2024\/08\/portfolio24-0001-2-300x200.jpg 300w, https:\/\/www.rkuittinen.fi\/wp-content\/uploads\/2024\/08\/portfolio24-0001-2-1024x682.jpg 1024w, https:\/\/www.rkuittinen.fi\/wp-content\/uploads\/2024\/08\/portfolio24-0001-2-768x512.jpg 768w, https:\/\/www.rkuittinen.fi\/wp-content\/uploads\/2024\/08\/portfolio24-0001-2-1536x1024.jpg 1536w, https:\/\/www.rkuittinen.fi\/wp-content\/uploads\/2024\/08\/portfolio24-0001-2-1200x800.jpg 1200w, https:\/\/www.rkuittinen.fi\/wp-content\/uploads\/2024\/08\/portfolio24-0001-2-1980x1320.jpg 1980w, https:\/\/www.rkuittinen.fi\/wp-content\/uploads\/2024\/08\/portfolio24-0001-2.jpg 2000w\" sizes=\"auto, (max-width: 150px) 100vw, 150px\" \/><\/a>\n\t\t\t<\/div>\n\t\t\t\t<figcaption class='wp-caption-text gallery-caption' id='gallery-1-3473'>\n\t\t\t\tJokamiesluokan kilpailu Inkeroisissa\n\t\t\t\t<\/figcaption><\/figure><figure class='gallery-item'>\n\t\t\t<div class='gallery-icon portrait'>\n\t\t\t\t<a href='https:\/\/www.rkuittinen.fi\/wp-content\/uploads\/2024\/08\/portfolio24-0002.jpg'><img loading=\"lazy\" decoding=\"async\" width=\"100\" height=\"150\" src=\"https:\/\/www.rkuittinen.fi\/wp-content\/uploads\/2024\/08\/portfolio24-0002-100x150.jpg\" class=\"attachment-thumbnail size-thumbnail\" alt=\"\" aria-describedby=\"gallery-1-3474\" srcset=\"https:\/\/www.rkuittinen.fi\/wp-content\/uploads\/2024\/08\/portfolio24-0002-100x150.jpg 100w, https:\/\/www.rkuittinen.fi\/wp-content\/uploads\/2024\/08\/portfolio24-0002-200x300.jpg 200w, https:\/\/www.rkuittinen.fi\/wp-content\/uploads\/2024\/08\/portfolio24-0002-682x1024.jpg 682w, https:\/\/www.rkuittinen.fi\/wp-content\/uploads\/2024\/08\/portfolio24-0002-768x1152.jpg 768w, https:\/\/www.rkuittinen.fi\/wp-content\/uploads\/2024\/08\/portfolio24-0002-1024x1536.jpg 1024w, https:\/\/www.rkuittinen.fi\/wp-content\/uploads\/2024\/08\/portfolio24-0002-1200x1800.jpg 1200w, https:\/\/www.rkuittinen.fi\/wp-content\/uploads\/2024\/08\/portfolio24-0002.jpg 1333w\" sizes=\"auto, (max-width: 100px) 100vw, 100px\" \/><\/a>\n\t\t\t<\/div>\n\t\t\t\t<figcaption class='wp-caption-text gallery-caption' id='gallery-1-3474'>\n\t\t\t\tJokamiesluokan kilpailu Nurmeksessa\n\t\t\t\t<\/figcaption><\/figure><figure class='gallery-item'>\n\t\t\t<div class='gallery-icon landscape'>\n\t\t\t\t<a href='https:\/\/www.rkuittinen.fi\/wp-content\/uploads\/2015\/04\/2015-03-15-_5143244.jpg'><img loading=\"lazy\" decoding=\"async\" width=\"150\" height=\"95\" src=\"https:\/\/www.rkuittinen.fi\/wp-content\/uploads\/2015\/04\/2015-03-15-_5143244-150x95.jpg\" class=\"attachment-thumbnail size-thumbnail\" alt=\"\" aria-describedby=\"gallery-1-2761\" srcset=\"https:\/\/www.rkuittinen.fi\/wp-content\/uploads\/2015\/04\/2015-03-15-_5143244-150x95.jpg 150w, https:\/\/www.rkuittinen.fi\/wp-content\/uploads\/2015\/04\/2015-03-15-_5143244-300x191.jpg 300w, https:\/\/www.rkuittinen.fi\/wp-content\/uploads\/2015\/04\/2015-03-15-_5143244-1024x650.jpg 1024w, https:\/\/www.rkuittinen.fi\/wp-content\/uploads\/2015\/04\/2015-03-15-_5143244.jpg 2000w\" sizes=\"auto, (max-width: 150px) 100vw, 150px\" \/><\/a>\n\t\t\t<\/div>\n\t\t\t\t<figcaption class='wp-caption-text gallery-caption' id='gallery-1-2761'>\n\t\t\t\tAmpumahiihdon maailmanmestaruuskilpailut 2015\n\t\t\t\t<\/figcaption><\/figure><figure class='gallery-item'>\n\t\t\t<div class='gallery-icon landscape'>\n\t\t\t\t<a href='https:\/\/www.rkuittinen.fi\/wp-content\/uploads\/2015\/04\/2015-03-15-_R3A3397.jpg'><img loading=\"lazy\" decoding=\"async\" width=\"150\" height=\"100\" src=\"https:\/\/www.rkuittinen.fi\/wp-content\/uploads\/2015\/04\/2015-03-15-_R3A3397-150x100.jpg\" class=\"attachment-thumbnail size-thumbnail\" alt=\"\" aria-describedby=\"gallery-1-2782\" srcset=\"https:\/\/www.rkuittinen.fi\/wp-content\/uploads\/2015\/04\/2015-03-15-_R3A3397-150x100.jpg 150w, https:\/\/www.rkuittinen.fi\/wp-content\/uploads\/2015\/04\/2015-03-15-_R3A3397-300x200.jpg 300w, https:\/\/www.rkuittinen.fi\/wp-content\/uploads\/2015\/04\/2015-03-15-_R3A3397-1024x682.jpg 1024w, https:\/\/www.rkuittinen.fi\/wp-content\/uploads\/2015\/04\/2015-03-15-_R3A3397.jpg 2000w\" sizes=\"auto, (max-width: 150px) 100vw, 150px\" \/><\/a>\n\t\t\t<\/div>\n\t\t\t\t<figcaption class='wp-caption-text gallery-caption' id='gallery-1-2782'>\n\t\t\t\tAmpumahiihdon maailmanmestaruuskilpailut 2015\n\t\t\t\t<\/figcaption><\/figure><figure class='gallery-item'>\n\t\t\t<div class='gallery-icon portrait'>\n\t\t\t\t<a href='https:\/\/www.rkuittinen.fi\/wp-content\/uploads\/2015\/04\/2015-03-15-_R3A4557.jpg'><img loading=\"lazy\" decoding=\"async\" width=\"100\" height=\"150\" src=\"https:\/\/www.rkuittinen.fi\/wp-content\/uploads\/2015\/04\/2015-03-15-_R3A4557-100x150.jpg\" class=\"attachment-thumbnail size-thumbnail\" alt=\"\" aria-describedby=\"gallery-1-2797\" srcset=\"https:\/\/www.rkuittinen.fi\/wp-content\/uploads\/2015\/04\/2015-03-15-_R3A4557-100x150.jpg 100w, https:\/\/www.rkuittinen.fi\/wp-content\/uploads\/2015\/04\/2015-03-15-_R3A4557-200x300.jpg 200w, https:\/\/www.rkuittinen.fi\/wp-content\/uploads\/2015\/04\/2015-03-15-_R3A4557-683x1024.jpg 683w, https:\/\/www.rkuittinen.fi\/wp-content\/uploads\/2015\/04\/2015-03-15-_R3A4557.jpg 889w\" sizes=\"auto, (max-width: 100px) 100vw, 100px\" \/><\/a>\n\t\t\t<\/div>\n\t\t\t\t<figcaption class='wp-caption-text gallery-caption' id='gallery-1-2797'>\n\t\t\t\tAmpumahiihdon maailmanmestaruuskilpailut 2015\n\t\t\t\t<\/figcaption><\/figure><figure class='gallery-item'>\n\t\t\t<div class='gallery-icon portrait'>\n\t\t\t\t<a href='https:\/\/www.rkuittinen.fi\/wp-content\/uploads\/2014\/07\/077-4265.jpg'><img loading=\"lazy\" decoding=\"async\" width=\"99\" height=\"150\" src=\"https:\/\/www.rkuittinen.fi\/wp-content\/uploads\/2014\/07\/077-4265-99x150.jpg\" class=\"attachment-thumbnail size-thumbnail\" alt=\"\" aria-describedby=\"gallery-1-2515\" srcset=\"https:\/\/www.rkuittinen.fi\/wp-content\/uploads\/2014\/07\/077-4265-99x150.jpg 99w, https:\/\/www.rkuittinen.fi\/wp-content\/uploads\/2014\/07\/077-4265-199x300.jpg 199w, https:\/\/www.rkuittinen.fi\/wp-content\/uploads\/2014\/07\/077-4265-682x1024.jpg 682w, https:\/\/www.rkuittinen.fi\/wp-content\/uploads\/2014\/07\/077-4265.jpg 755w\" sizes=\"auto, (max-width: 99px) 100vw, 99px\" \/><\/a>\n\t\t\t<\/div>\n\t\t\t\t<figcaption class='wp-caption-text gallery-caption' id='gallery-1-2515'>\n\t\t\t\tJoensuun Kataja\n\t\t\t\t<\/figcaption><\/figure><figure class='gallery-item'>\n\t\t\t<div class='gallery-icon landscape'>\n\t\t\t\t<a href='https:\/\/www.rkuittinen.fi\/wp-content\/uploads\/2014\/07\/164-.jpg'><img loading=\"lazy\" decoding=\"async\" width=\"150\" height=\"99\" src=\"https:\/\/www.rkuittinen.fi\/wp-content\/uploads\/2014\/07\/164--150x99.jpg\" class=\"attachment-thumbnail size-thumbnail\" alt=\"\" aria-describedby=\"gallery-1-2516\" srcset=\"https:\/\/www.rkuittinen.fi\/wp-content\/uploads\/2014\/07\/164--150x99.jpg 150w, https:\/\/www.rkuittinen.fi\/wp-content\/uploads\/2014\/07\/164--300x199.jpg 300w, https:\/\/www.rkuittinen.fi\/wp-content\/uploads\/2014\/07\/164--1024x682.jpg 1024w, https:\/\/www.rkuittinen.fi\/wp-content\/uploads\/2014\/07\/164-.jpg 1700w\" sizes=\"auto, (max-width: 150px) 100vw, 150px\" \/><\/a>\n\t\t\t<\/div>\n\t\t\t\t<figcaption class='wp-caption-text gallery-caption' id='gallery-1-2516'>\n\t\t\t\tJoensuun Maila\n\t\t\t\t<\/figcaption><\/figure><figure class='gallery-item'>\n\t\t\t<div class='gallery-icon landscape'>\n\t\t\t\t<a href='https:\/\/www.rkuittinen.fi\/wp-content\/uploads\/2014\/07\/164-6234.jpg'><img loading=\"lazy\" decoding=\"async\" width=\"150\" height=\"99\" src=\"https:\/\/www.rkuittinen.fi\/wp-content\/uploads\/2014\/07\/164-6234-150x99.jpg\" class=\"attachment-thumbnail size-thumbnail\" alt=\"\" aria-describedby=\"gallery-1-2518\" srcset=\"https:\/\/www.rkuittinen.fi\/wp-content\/uploads\/2014\/07\/164-6234-150x99.jpg 150w, https:\/\/www.rkuittinen.fi\/wp-content\/uploads\/2014\/07\/164-6234-300x199.jpg 300w, https:\/\/www.rkuittinen.fi\/wp-content\/uploads\/2014\/07\/164-6234-1024x682.jpg 1024w, https:\/\/www.rkuittinen.fi\/wp-content\/uploads\/2014\/07\/164-6234.jpg 1700w\" sizes=\"auto, (max-width: 150px) 100vw, 150px\" \/><\/a>\n\t\t\t<\/div>\n\t\t\t\t<figcaption class='wp-caption-text gallery-caption' id='gallery-1-2518'>\n\t\t\t\tJoensuun Maila\n\t\t\t\t<\/figcaption><\/figure><figure class='gallery-item'>\n\t\t\t<div class='gallery-icon landscape'>\n\t\t\t\t<a href='https:\/\/www.rkuittinen.fi\/wp-content\/uploads\/2014\/07\/216-5917.jpg'><img loading=\"lazy\" decoding=\"async\" width=\"150\" height=\"99\" src=\"https:\/\/www.rkuittinen.fi\/wp-content\/uploads\/2014\/07\/216-5917-150x99.jpg\" class=\"attachment-thumbnail size-thumbnail\" alt=\"\" aria-describedby=\"gallery-1-2522\" srcset=\"https:\/\/www.rkuittinen.fi\/wp-content\/uploads\/2014\/07\/216-5917-150x99.jpg 150w, https:\/\/www.rkuittinen.fi\/wp-content\/uploads\/2014\/07\/216-5917-300x199.jpg 300w, https:\/\/www.rkuittinen.fi\/wp-content\/uploads\/2014\/07\/216-5917-1024x682.jpg 1024w, https:\/\/www.rkuittinen.fi\/wp-content\/uploads\/2014\/07\/216-5917.jpg 1700w\" sizes=\"auto, (max-width: 150px) 100vw, 150px\" \/><\/a>\n\t\t\t<\/div>\n\t\t\t\t<figcaption class='wp-caption-text gallery-caption' id='gallery-1-2522'>\n\t\t\t\tJoensuun Maila\n\t\t\t\t<\/figcaption><\/figure><figure class='gallery-item'>\n\t\t\t<div class='gallery-icon landscape'>\n\t\t\t\t<a href='https:\/\/www.rkuittinen.fi\/wp-content\/uploads\/2014\/07\/193-.jpg'><img loading=\"lazy\" decoding=\"async\" width=\"150\" height=\"99\" src=\"https:\/\/www.rkuittinen.fi\/wp-content\/uploads\/2014\/07\/193--150x99.jpg\" class=\"attachment-thumbnail size-thumbnail\" alt=\"\" aria-describedby=\"gallery-1-2519\" srcset=\"https:\/\/www.rkuittinen.fi\/wp-content\/uploads\/2014\/07\/193--150x99.jpg 150w, https:\/\/www.rkuittinen.fi\/wp-content\/uploads\/2014\/07\/193--300x199.jpg 300w, https:\/\/www.rkuittinen.fi\/wp-content\/uploads\/2014\/07\/193--1024x682.jpg 1024w, https:\/\/www.rkuittinen.fi\/wp-content\/uploads\/2014\/07\/193-.jpg 1700w\" sizes=\"auto, (max-width: 150px) 100vw, 150px\" \/><\/a>\n\t\t\t<\/div>\n\t\t\t\t<figcaption class='wp-caption-text gallery-caption' id='gallery-1-2519'>\n\t\t\t\tDiaboloa Popkadulla\n\t\t\t\t<\/figcaption><\/figure><figure class='gallery-item'>\n\t\t\t<div class='gallery-icon landscape'>\n\t\t\t\t<a href='https:\/\/www.rkuittinen.fi\/wp-content\/uploads\/2014\/07\/196-5374.jpg'><img loading=\"lazy\" decoding=\"async\" width=\"150\" height=\"99\" src=\"https:\/\/www.rkuittinen.fi\/wp-content\/uploads\/2014\/07\/196-5374-150x99.jpg\" class=\"attachment-thumbnail size-thumbnail\" alt=\"\" aria-describedby=\"gallery-1-2521\" srcset=\"https:\/\/www.rkuittinen.fi\/wp-content\/uploads\/2014\/07\/196-5374-150x99.jpg 150w, https:\/\/www.rkuittinen.fi\/wp-content\/uploads\/2014\/07\/196-5374-300x199.jpg 300w, https:\/\/www.rkuittinen.fi\/wp-content\/uploads\/2014\/07\/196-5374-1024x682.jpg 1024w, https:\/\/www.rkuittinen.fi\/wp-content\/uploads\/2014\/07\/196-5374.jpg 1700w\" sizes=\"auto, (max-width: 150px) 100vw, 150px\" \/><\/a>\n\t\t\t<\/div>\n\t\t\t\t<figcaption class='wp-caption-text gallery-caption' id='gallery-1-2521'>\n\t\t\t\tRoller Derby\n\t\t\t\t<\/figcaption><\/figure>\n\t\t<\/div>\n\n","protected":false},"excerpt":{"rendered":"<p>&nbsp;<\/p>\n","protected":false},"author":1,"featured_media":0,"parent":2044,"menu_order":0,"comment_status":"closed","ping_status":"closed","template":"","meta":{"footnotes":""},"class_list":["post-2512","page","type-page","status-publish","hentry"],"jetpack_shortlink":"https:\/\/wp.me\/P1JalL-Ew","jetpack_sharing_enabled":true,"_links":{"self":[{"href":"https:\/\/www.rkuittinen.fi\/index.php?rest_route=\/wp\/v2\/pages\/2512","targetHints":{"allow":["GET"]}}],"collection":[{"href":"https:\/\/www.rkuittinen.fi\/index.php?rest_route=\/wp\/v2\/pages"}],"about":[{"href":"https:\/\/www.rkuittinen.fi\/index.php?rest_route=\/wp\/v2\/types\/page"}],"author":[{"embeddable":true,"href":"https:\/\/www.rkuittinen.fi\/index.php?rest_route=\/wp\/v2\/users\/1"}],"replies":[{"embeddable":true,"href":"https:\/\/www.rkuittinen.fi\/index.php?rest_route=%2Fwp%2Fv2%2Fcomments&post=2512"}],"version-history":[{"count":8,"href":"https:\/\/www.rkuittinen.fi\/index.php?rest_route=\/wp\/v2\/pages\/2512\/revisions"}],"predecessor-version":[{"id":3487,"href":"https:\/\/www.rkuittinen.fi\/index.php?rest_route=\/wp\/v2\/pages\/2512\/revisions\/3487"}],"up":[{"embeddable":true,"href":"https:\/\/www.rkuittinen.fi\/index.php?rest_route=\/wp\/v2\/pages\/2044"}],"wp:attachment":[{"href":"https:\/\/www.rkuittinen.fi\/index.php?rest_route=%2Fwp%2Fv2%2Fmedia&parent=2512"}],"curies":[{"name":"wp","href":"https:\/\/api.w.org\/{rel}","templated":true}]}}