{"id":355,"date":"2012-01-07T18:25:49","date_gmt":"2012-01-07T16:25:49","guid":{"rendered":"http:\/\/www.rkuittinen.fi\/?page_id=355"},"modified":"2026-04-12T17:22:10","modified_gmt":"2026-04-12T15:22:10","slug":"etusivu","status":"publish","type":"page","link":"https:\/\/www.rkuittinen.fi\/","title":{"rendered":"T\u00e4rke\u00e4t hetkesi ikimuistoisiksi valokuviksi"},"content":{"rendered":"<p style=\"text-align: center;\">Tervetuloa l\u00e4mpimien s\u00e4vyjen pariin! Olen Risto Kuittinen, valokuvaaja Nurmeksesta. Olen erikoistunut h\u00e4\u00e4kuvauksiin ja muihin juhlakuvauksiin. Ty\u00f6skentelen my\u00f6s lehtikuvaajana sek\u00e4 toimittajana.<\/p>\n<style type=\"text\/css\">\n#foogallery-gallery-3418 .fg-image { width: 150px; }\n#foogallery-gallery-3418 { --fg-gutter: 10px; }<\/style>\n\t\t\t<div class=\"foogallery foogallery-container foogallery-default foogallery-lightbox-foogallery fg-center fg-default fg-ready fg-light fg-border-thin fg-shadow-outline fg-loading-default fg-loaded-fade-in fg-caption-hover fg-hover-fade fg-hover-zoom\" id=\"foogallery-gallery-3418\" data-foogallery=\"{&quot;item&quot;:{&quot;showCaptionTitle&quot;:true,&quot;showCaptionDescription&quot;:true},&quot;lazy&quot;:true}\" data-foogallery-lightbox=\"{&quot;thumbs&quot;:&quot;bottom&quot;,&quot;thumbsCaptions&quot;:false,&quot;thumbsBestFit&quot;:false,&quot;thumbsSmall&quot;:false,&quot;thumbsCaptionsAlign&quot;:&quot;default&quot;,&quot;info&quot;:&quot;bottom&quot;,&quot;infoVisible&quot;:true,&quot;infoOverlay&quot;:true,&quot;infoAlign&quot;:&quot;default&quot;,&quot;transition&quot;:&quot;fade&quot;,&quot;hoverButtons&quot;:false,&quot;fitMedia&quot;:false,&quot;noScrollbars&quot;:true,&quot;preserveButtonSpace&quot;:true,&quot;buttons&quot;:{&quot;fullscreen&quot;:true,&quot;info&quot;:true,&quot;thumbs&quot;:false},&quot;video&quot;:{&quot;autoPlay&quot;:true}}\" style=\"--fg-title-line-clamp: 0; --fg-description-line-clamp: 0;\" >\n\t<div class=\"fg-item fg-type-image fg-idle\"><figure class=\"fg-item-inner\"><a href=\"https:\/\/www.rkuittinen.fi\/wp-content\/uploads\/2024\/04\/02-haakuva-0037.jpg\" data-attachment-id=\"3484\" data-type=\"image\" class=\"fg-thumb\"><span class=\"fg-image-wrap\"><img decoding=\"async\" width=\"150\" height=\"150\" class=\"skip-lazy fg-image\" data-src-fg=\"https:\/\/www.rkuittinen.fi\/wp-content\/uploads\/cache\/2024\/04\/02-haakuva-0037\/606935024.jpg\" data-srcset-fg=\"https:\/\/www.rkuittinen.fi\/wp-content\/uploads\/cache\/2024\/04\/02-haakuva-0037\/1529917940.jpg 2x\" src=\"data:image\/svg+xml,%3Csvg%20xmlns%3D%22http%3A%2F%2Fwww.w3.org%2F2000%2Fsvg%22%20width%3D%22150%22%20height%3D%22150%22%20viewBox%3D%220%200%20150%20150%22%3E%3C%2Fsvg%3E\" loading=\"eager\"><\/span><span class=\"fg-image-overlay\"><\/span><\/a><\/figure><div class=\"fg-loader\"><\/div><\/div><div class=\"fg-item fg-type-image fg-idle\"><figure class=\"fg-item-inner\"><a href=\"https:\/\/www.rkuittinen.fi\/wp-content\/uploads\/2024\/04\/risto-kuittinen-wedding-0001-2.jpg\" data-attachment-id=\"3468\" data-type=\"image\" class=\"fg-thumb\"><span class=\"fg-image-wrap\"><img decoding=\"async\" alt=\"H\u00e4\u00e4kuvia\" width=\"150\" height=\"150\" class=\"skip-lazy fg-image\" data-src-fg=\"https:\/\/www.rkuittinen.fi\/wp-content\/uploads\/cache\/2024\/04\/risto-kuittinen-wedding-0001-2\/1992940296.jpg\" data-srcset-fg=\"https:\/\/www.rkuittinen.fi\/wp-content\/uploads\/cache\/2024\/04\/risto-kuittinen-wedding-0001-2\/4019567302.jpg 2x\" src=\"data:image\/svg+xml,%3Csvg%20xmlns%3D%22http%3A%2F%2Fwww.w3.org%2F2000%2Fsvg%22%20width%3D%22150%22%20height%3D%22150%22%20viewBox%3D%220%200%20150%20150%22%3E%3C%2Fsvg%3E\" loading=\"eager\"><\/span><span class=\"fg-image-overlay\"><\/span><\/a><\/figure><div class=\"fg-loader\"><\/div><\/div><div class=\"fg-item fg-type-image fg-idle\"><figure class=\"fg-item-inner\"><a href=\"https:\/\/www.rkuittinen.fi\/wp-content\/uploads\/2013\/10\/juhlintaa-1001.jpg\" data-attachment-id=\"1966\" data-type=\"image\" class=\"fg-thumb\"><span class=\"fg-image-wrap\"><img decoding=\"async\" width=\"150\" height=\"150\" class=\"skip-lazy fg-image\" data-src-fg=\"https:\/\/www.rkuittinen.fi\/wp-content\/uploads\/cache\/2013\/10\/juhlintaa-1001\/1380894127.jpg\" data-srcset-fg=\"https:\/\/www.rkuittinen.fi\/wp-content\/uploads\/cache\/2013\/10\/juhlintaa-1001\/635796195.jpg 2x\" src=\"data:image\/svg+xml,%3Csvg%20xmlns%3D%22http%3A%2F%2Fwww.w3.org%2F2000%2Fsvg%22%20width%3D%22150%22%20height%3D%22150%22%20viewBox%3D%220%200%20150%20150%22%3E%3C%2Fsvg%3E\" loading=\"eager\"><\/span><span class=\"fg-image-overlay\"><\/span><\/a><\/figure><div class=\"fg-loader\"><\/div><\/div><div class=\"fg-item fg-type-image fg-idle\"><figure class=\"fg-item-inner\"><a href=\"https:\/\/www.rkuittinen.fi\/wp-content\/uploads\/2024\/04\/risto-kuittinen-wedding-0002.jpg\" data-attachment-id=\"3420\" data-type=\"image\" class=\"fg-thumb\"><span class=\"fg-image-wrap\"><img decoding=\"async\" alt=\"H\u00e4\u00e4kuvia\" width=\"150\" height=\"150\" class=\"skip-lazy fg-image\" data-src-fg=\"https:\/\/www.rkuittinen.fi\/wp-content\/uploads\/cache\/2024\/04\/risto-kuittinen-wedding-0002\/1799299455.jpg\" data-srcset-fg=\"https:\/\/www.rkuittinen.fi\/wp-content\/uploads\/cache\/2024\/04\/risto-kuittinen-wedding-0002\/1584205256.jpg 2x\" src=\"data:image\/svg+xml,%3Csvg%20xmlns%3D%22http%3A%2F%2Fwww.w3.org%2F2000%2Fsvg%22%20width%3D%22150%22%20height%3D%22150%22%20viewBox%3D%220%200%20150%20150%22%3E%3C%2Fsvg%3E\" loading=\"eager\"><\/span><span class=\"fg-image-overlay\"><\/span><\/a><\/figure><div class=\"fg-loader\"><\/div><\/div><div class=\"fg-item fg-type-image fg-idle\"><figure class=\"fg-item-inner\"><a href=\"https:\/\/www.rkuittinen.fi\/wp-content\/uploads\/2024\/04\/risto-kuittinen-wedding-0003.jpg\" data-attachment-id=\"3421\" data-type=\"image\" class=\"fg-thumb\"><span class=\"fg-image-wrap\"><img decoding=\"async\" alt=\"H\u00e4\u00e4kuvia\" width=\"150\" height=\"150\" class=\"skip-lazy fg-image\" data-src-fg=\"https:\/\/www.rkuittinen.fi\/wp-content\/uploads\/cache\/2024\/04\/risto-kuittinen-wedding-0003\/3191634436.jpg\" data-srcset-fg=\"https:\/\/www.rkuittinen.fi\/wp-content\/uploads\/cache\/2024\/04\/risto-kuittinen-wedding-0003\/2339264179.jpg 2x\" src=\"data:image\/svg+xml,%3Csvg%20xmlns%3D%22http%3A%2F%2Fwww.w3.org%2F2000%2Fsvg%22%20width%3D%22150%22%20height%3D%22150%22%20viewBox%3D%220%200%20150%20150%22%3E%3C%2Fsvg%3E\" loading=\"eager\"><\/span><span class=\"fg-image-overlay\"><\/span><\/a><\/figure><div class=\"fg-loader\"><\/div><\/div><div class=\"fg-item fg-type-image fg-idle\"><figure class=\"fg-item-inner\"><a href=\"https:\/\/www.rkuittinen.fi\/wp-content\/uploads\/2024\/04\/risto-kuittinen-wedding-0004.jpg\" data-attachment-id=\"3422\" data-type=\"image\" class=\"fg-thumb\"><span class=\"fg-image-wrap\"><img decoding=\"async\" alt=\"H\u00e4\u00e4kuvia\" width=\"150\" height=\"150\" class=\"skip-lazy fg-image\" data-src-fg=\"https:\/\/www.rkuittinen.fi\/wp-content\/uploads\/cache\/2024\/04\/risto-kuittinen-wedding-0004\/2650971954.jpg\" data-srcset-fg=\"https:\/\/www.rkuittinen.fi\/wp-content\/uploads\/cache\/2024\/04\/risto-kuittinen-wedding-0004\/2874192773.jpg 2x\" src=\"data:image\/svg+xml,%3Csvg%20xmlns%3D%22http%3A%2F%2Fwww.w3.org%2F2000%2Fsvg%22%20width%3D%22150%22%20height%3D%22150%22%20viewBox%3D%220%200%20150%20150%22%3E%3C%2Fsvg%3E\" loading=\"eager\"><\/span><span class=\"fg-image-overlay\"><\/span><\/a><\/figure><div class=\"fg-loader\"><\/div><\/div><div class=\"fg-item fg-type-image fg-idle\"><figure class=\"fg-item-inner\"><a href=\"https:\/\/www.rkuittinen.fi\/wp-content\/uploads\/2024\/04\/risto-kuittinen-wedding-0008.jpg\" data-attachment-id=\"3425\" data-type=\"image\" class=\"fg-thumb\"><span class=\"fg-image-wrap\"><img decoding=\"async\" alt=\"H\u00e4\u00e4kuvia\" width=\"150\" height=\"150\" class=\"skip-lazy fg-image\" data-src-fg=\"https:\/\/www.rkuittinen.fi\/wp-content\/uploads\/cache\/2024\/04\/risto-kuittinen-wedding-0008\/2247297478.jpg\" data-srcset-fg=\"https:\/\/www.rkuittinen.fi\/wp-content\/uploads\/cache\/2024\/04\/risto-kuittinen-wedding-0008\/2963350897.jpg 2x\" src=\"data:image\/svg+xml,%3Csvg%20xmlns%3D%22http%3A%2F%2Fwww.w3.org%2F2000%2Fsvg%22%20width%3D%22150%22%20height%3D%22150%22%20viewBox%3D%220%200%20150%20150%22%3E%3C%2Fsvg%3E\" loading=\"eager\"><\/span><span class=\"fg-image-overlay\"><\/span><\/a><\/figure><div class=\"fg-loader\"><\/div><\/div><div class=\"fg-item fg-type-image fg-idle\"><figure class=\"fg-item-inner\"><a href=\"https:\/\/www.rkuittinen.fi\/wp-content\/uploads\/2024\/04\/risto-kuittinen-wedding-0009.jpg\" data-attachment-id=\"3426\" data-type=\"image\" class=\"fg-thumb\"><span class=\"fg-image-wrap\"><img decoding=\"async\" alt=\"H\u00e4\u00e4kuvia\" width=\"150\" height=\"150\" class=\"skip-lazy fg-image\" data-src-fg=\"https:\/\/www.rkuittinen.fi\/wp-content\/uploads\/cache\/2024\/04\/risto-kuittinen-wedding-0009\/1671619959.jpg\" data-srcset-fg=\"https:\/\/www.rkuittinen.fi\/wp-content\/uploads\/cache\/2024\/04\/risto-kuittinen-wedding-0009\/1458620864.jpg 2x\" src=\"data:image\/svg+xml,%3Csvg%20xmlns%3D%22http%3A%2F%2Fwww.w3.org%2F2000%2Fsvg%22%20width%3D%22150%22%20height%3D%22150%22%20viewBox%3D%220%200%20150%20150%22%3E%3C%2Fsvg%3E\" loading=\"eager\"><\/span><span class=\"fg-image-overlay\"><\/span><\/a><\/figure><div class=\"fg-loader\"><\/div><\/div><div class=\"fg-item fg-type-image fg-idle\"><figure class=\"fg-item-inner\"><a href=\"https:\/\/www.rkuittinen.fi\/wp-content\/uploads\/2024\/04\/risto-kuittinen-wedding-0010.jpg\" data-attachment-id=\"3427\" data-type=\"image\" class=\"fg-thumb\"><span class=\"fg-image-wrap\"><img decoding=\"async\" alt=\"H\u00e4\u00e4kuvia\" width=\"150\" height=\"150\" class=\"skip-lazy fg-image\" data-src-fg=\"https:\/\/www.rkuittinen.fi\/wp-content\/uploads\/cache\/2024\/04\/risto-kuittinen-wedding-0010\/1916776954.jpg\" data-srcset-fg=\"https:\/\/www.rkuittinen.fi\/wp-content\/uploads\/cache\/2024\/04\/risto-kuittinen-wedding-0010\/1198366029.jpg 2x\" src=\"data:image\/svg+xml,%3Csvg%20xmlns%3D%22http%3A%2F%2Fwww.w3.org%2F2000%2Fsvg%22%20width%3D%22150%22%20height%3D%22150%22%20viewBox%3D%220%200%20150%20150%22%3E%3C%2Fsvg%3E\" loading=\"eager\"><\/span><span class=\"fg-image-overlay\"><\/span><\/a><\/figure><div class=\"fg-loader\"><\/div><\/div><div class=\"fg-item fg-type-image fg-idle\"><figure class=\"fg-item-inner\"><a href=\"https:\/\/www.rkuittinen.fi\/wp-content\/uploads\/2024\/04\/risto-kuittinen-wedding-0012.jpg\" data-attachment-id=\"3429\" data-type=\"image\" class=\"fg-thumb\"><span class=\"fg-image-wrap\"><img decoding=\"async\" alt=\"H\u00e4\u00e4kuvia\" width=\"150\" height=\"150\" class=\"skip-lazy fg-image\" data-src-fg=\"https:\/\/www.rkuittinen.fi\/wp-content\/uploads\/cache\/2024\/04\/risto-kuittinen-wedding-0012\/2829562353.jpg\" data-srcset-fg=\"https:\/\/www.rkuittinen.fi\/wp-content\/uploads\/cache\/2024\/04\/risto-kuittinen-wedding-0012\/2650119494.jpg 2x\" src=\"data:image\/svg+xml,%3Csvg%20xmlns%3D%22http%3A%2F%2Fwww.w3.org%2F2000%2Fsvg%22%20width%3D%22150%22%20height%3D%22150%22%20viewBox%3D%220%200%20150%20150%22%3E%3C%2Fsvg%3E\" loading=\"eager\"><\/span><span class=\"fg-image-overlay\"><\/span><\/a><\/figure><div class=\"fg-loader\"><\/div><\/div><div class=\"fg-item fg-type-image fg-idle\"><figure class=\"fg-item-inner\"><a href=\"https:\/\/www.rkuittinen.fi\/wp-content\/uploads\/2024\/04\/risto-kuittinen-wedding-0001-3.jpg\" data-attachment-id=\"3469\" data-type=\"image\" class=\"fg-thumb\"><span class=\"fg-image-wrap\"><img decoding=\"async\" alt=\"H\u00e4\u00e4kuvia\" width=\"150\" height=\"150\" class=\"skip-lazy fg-image\" data-src-fg=\"https:\/\/www.rkuittinen.fi\/wp-content\/uploads\/cache\/2024\/04\/risto-kuittinen-wedding-0001-3\/1708346858.jpg\" data-srcset-fg=\"https:\/\/www.rkuittinen.fi\/wp-content\/uploads\/cache\/2024\/04\/risto-kuittinen-wedding-0001-3\/4237241380.jpg 2x\" src=\"data:image\/svg+xml,%3Csvg%20xmlns%3D%22http%3A%2F%2Fwww.w3.org%2F2000%2Fsvg%22%20width%3D%22150%22%20height%3D%22150%22%20viewBox%3D%220%200%20150%20150%22%3E%3C%2Fsvg%3E\" loading=\"eager\"><\/span><span class=\"fg-image-overlay\"><\/span><\/a><\/figure><div class=\"fg-loader\"><\/div><\/div><\/div>\n\n<p>Tutustu tarkemmin <a href=\"https:\/\/www.rkuittinen.fi\/?page_id=2860\">h\u00e4\u00e4kuvauksiin<\/a><\/p>\n<h3>Tarjouspyynn\u00f6t:<\/h3>\n<p style=\"padding-left: 30px;\">S\u00e4hk\u00f6posti: <strong>ristokui(\u00e4t)gmail.com<\/strong><\/p>\n<h3>Toiminimi:<\/h3>\n<p style=\"padding-left: 30px;\">Valokuvaaja Risto Kuittinen<br \/>\nVuodesta 2011<br \/>\nY-tunnus: 2401275-1<br \/>\nKotipaikka: Nurmes<\/p>\n","protected":false},"excerpt":{"rendered":"<p>Tervetuloa l\u00e4mpimien s\u00e4vyjen pariin! Olen Risto Kuittinen, valokuvaaja Nurmeksesta. Olen erikoistunut h\u00e4\u00e4kuvauksiin ja muihin juhlakuvauksiin. Ty\u00f6skentelen my\u00f6s lehtikuvaajana sek\u00e4 toimittajana. Tutustu tarkemmin h\u00e4\u00e4kuvauksiin Tarjouspyynn\u00f6t: S\u00e4hk\u00f6posti: ristokui(\u00e4t)gmail.com Toiminimi: Valokuvaaja Risto Kuittinen Vuodesta 2011 Y-tunnus: 2401275-1 Kotipaikka: Nurmes<\/p>\n","protected":false},"author":1,"featured_media":0,"parent":0,"menu_order":2,"comment_status":"closed","ping_status":"open","template":"templates\/template-cover.php","meta":{"footnotes":""},"class_list":["post-355","page","type-page","status-publish","hentry"],"jetpack_shortlink":"https:\/\/wp.me\/P1JalL-5J","jetpack_sharing_enabled":false,"_links":{"self":[{"href":"https:\/\/www.rkuittinen.fi\/index.php?rest_route=\/wp\/v2\/pages\/355","targetHints":{"allow":["GET"]}}],"collection":[{"href":"https:\/\/www.rkuittinen.fi\/index.php?rest_route=\/wp\/v2\/pages"}],"about":[{"href":"https:\/\/www.rkuittinen.fi\/index.php?rest_route=\/wp\/v2\/types\/page"}],"author":[{"embeddable":true,"href":"https:\/\/www.rkuittinen.fi\/index.php?rest_route=\/wp\/v2\/users\/1"}],"replies":[{"embeddable":true,"href":"https:\/\/www.rkuittinen.fi\/index.php?rest_route=%2Fwp%2Fv2%2Fcomments&post=355"}],"version-history":[{"count":134,"href":"https:\/\/www.rkuittinen.fi\/index.php?rest_route=\/wp\/v2\/pages\/355\/revisions"}],"predecessor-version":[{"id":3458,"href":"https:\/\/www.rkuittinen.fi\/index.php?rest_route=\/wp\/v2\/pages\/355\/revisions\/3458"}],"wp:attachment":[{"href":"https:\/\/www.rkuittinen.fi\/index.php?rest_route=%2Fwp%2Fv2%2Fmedia&parent=355"}],"curies":[{"name":"wp","href":"https:\/\/api.w.org\/{rel}","templated":true}]}}